{"id":1252,"date":"2011-06-22T16:45:11","date_gmt":"2011-06-22T14:45:11","guid":{"rendered":"http:\/\/www.brandnooz.de\/blog\/"},"modified":"2016-06-27T11:52:13","modified_gmt":"2016-06-27T09:52:13","slug":"produkttest","status":"publish","type":"page","link":"https:\/\/www.brandnooz.de\/blog\/produkttest\/","title":{"rendered":"Werde Produkttester und erhalte Kostenlos Produkte"},"content":{"rendered":"<p>Melde dich jetzt bei brandnooz an und nehme <strong>kostenlos an Produkttests<\/strong> teil! Auf unserem Portal f\u00fcr Neuigkeiten rund um Lebensmittel kannst du auf Informationen \u00fcber neue Produkte kostenlos zur\u00fcckgreifen und diese kostenlos bewerten. In unserer Tester-Community kannst du dich \u00fcber die neuen Produkte austauschen.<\/p>\n<h2>Kostenlose Warenproben<\/h2>\n<p>Des Weiteren bietet brandnooz dir die M\u00f6glichkeit <em>kostenlose Warenproben<\/em> der neuen <strong>Lebensmittel gratis<\/strong> in einem Produkttest zu testen.<\/p>\n<p>Monatlich werden Gratisproduktproben f\u00fcr dich kostenlos bereitgestellt, die du als Produkttester gratis f\u00fcr deinen Produkttest nachhause bekommst. Dabei kann jeder mitmachen und als Produkttester kostenlos am Produkttest teilnehmen werden. Bist du interessiert bei uns Produkttester zu werden und <strong>Gratisproben<\/strong> per kostenlosen Versand zu Dir nachhause geliefert zu bekommen und an einem kostenlosen Produkttest teilzunehmen?<\/p>\n<p><a class=\"button\" href=\"http:\/\/www.brandnooz.de\/produkt-test\" target=\"_self\">Jetzt Kostenlos anmelden!<\/a><\/p>\n<h2>Monatlich als\u00a0Produkttester teilnehmen<\/h2>\n<p>Jeden Monat wird mindestens eine kostenlose Warenprobe f\u00fcr Dich als Produkttester zum Produkttest bereitgestellt. Zus\u00e4tzlich finden h\u00e4ufig erg\u00e4nzende Produkttests mit Gratisproben statt, an denen Du ebenfalls teilnehmen und somit zus\u00e4tzliche Lebensmittelprodukte f\u00fcr den Produkttest erhalten kannst.<\/p>\n<p>Die Produkttests werden zur Meinungsforschung eingesetzt, du kannst dir also sicher sein, dass diese Warenproben im Produkttest vollkommen kostenlos f\u00fcr dich als Produkttester sind. Du kannst auch den Produkttest mit deinen Freunden zusammen erleben und die Produkte mit ihnen testen.<br \/>\nDu bist interessiert, gratis Produktproben als Erster zu erhalten?<\/p>\n<h3>Kostenlose Lebensmittel Produktproben<\/h3>\n<p>brandnooz bietet dir viele M\u00f6glichkeiten mit Lebensmitteln bei einem Produkttest in Ber\u00fchrung zu kommen. Wir schicken dir die kostenlosen Proben von renommierten Lebensmittelherstellern kostenlos direkt nachhause, sodass du deine Aufgabe als Produkttester beim Produkttest wahrnehmen kannst. Auf brandnooz kannst du dann angeben, ob du schon eine Warenprobe des Produktes erhalten und probiert hast, sodass du sie im Anschluss gleich bewerten kannst.<\/p>\n<p><a class=\"button\" href=\"http:\/\/www.brandnooz.de\/produkt-test\" target=\"_self\">Jetzt Kostenlos anmelden!<\/a><\/p>\n","protected":false},"excerpt":{"rendered":"<p>Melde dich jetzt bei brandnooz an und nehme kostenlos an Produkttests teil! Auf unserem Portal f\u00fcr Neuigkeiten rund um Lebensmittel kannst du auf Informationen \u00fcber neue Produkte kostenlos zur\u00fcckgreifen und&hellip; <a class=\"excerpt-more-link\" href=\"https:\/\/www.brandnooz.de\/blog\/produkttest\/\">Weiterlesen<\/a><\/p>\n","protected":false},"author":49,"featured_media":0,"parent":0,"menu_order":0,"comment_status":"closed","ping_status":"closed","template":"","meta":{"_acf_changed":false,"footnotes":""},"class_list":["post-1252","page","type-page","status-publish","hentry"],"acf":[],"yoast_head":"<!-- This site is optimized with the Yoast SEO plugin v23.9 - https:\/\/yoast.com\/wordpress\/plugins\/seo\/ -->\n<title>Kostenlos Produktester werden auf brandnooz<\/title>\n<meta name=\"description\" content=\"Melde dich Kostenlos bei brandnooz an, nimm an unseren Kostenlosen Produkttest teil und erhalte gratis Produktproben von Top-Lebensmittel Herstellern.\" \/>\n<meta name=\"robots\" content=\"index, follow, max-snippet:-1, max-image-preview:large, max-video-preview:-1\" \/>\n<link rel=\"canonical\" href=\"https:\/\/www.brandnooz.de\/blog\/produkttest\/\" \/>\n<meta property=\"og:locale\" content=\"de_DE\" \/>\n<meta property=\"og:type\" content=\"article\" \/>\n<meta property=\"og:title\" content=\"Kostenlos Produktester werden auf brandnooz\" \/>\n<meta property=\"og:description\" content=\"Melde dich Kostenlos bei brandnooz an, nimm an unseren Kostenlosen Produkttest teil und erhalte gratis Produktproben von Top-Lebensmittel Herstellern.\" \/>\n<meta property=\"og:url\" content=\"https:\/\/www.brandnooz.de\/blog\/produkttest\/\" \/>\n<meta property=\"article:publisher\" content=\"https:\/\/www.facebook.com\/brandnooz\/\" \/>\n<meta property=\"article:modified_time\" content=\"2016-06-27T09:52:13+00:00\" \/>\n<meta name=\"twitter:label1\" content=\"Gesch\u00e4tzte Lesezeit\" \/>\n\t<meta name=\"twitter:data1\" content=\"1\u00a0Minute\" \/>\n<script type=\"application\/ld+json\" class=\"yoast-schema-graph\">{\"@context\":\"https:\/\/schema.org\",\"@graph\":[{\"@type\":\"WebPage\",\"@id\":\"https:\/\/www.brandnooz.de\/blog\/produkttest\/\",\"url\":\"https:\/\/www.brandnooz.de\/blog\/produkttest\/\",\"name\":\"Kostenlos Produktester werden auf brandnooz\",\"isPartOf\":{\"@id\":\"https:\/\/www.brandnooz.de\/blog\/#website\"},\"datePublished\":\"2011-06-22T14:45:11+00:00\",\"dateModified\":\"2016-06-27T09:52:13+00:00\",\"description\":\"Melde dich Kostenlos bei brandnooz an, nimm an unseren Kostenlosen Produkttest teil und erhalte gratis Produktproben von Top-Lebensmittel Herstellern.\",\"breadcrumb\":{\"@id\":\"https:\/\/www.brandnooz.de\/blog\/produkttest\/#breadcrumb\"},\"inLanguage\":\"de\",\"potentialAction\":[{\"@type\":\"ReadAction\",\"target\":[\"https:\/\/www.brandnooz.de\/blog\/produkttest\/\"]}]},{\"@type\":\"BreadcrumbList\",\"@id\":\"https:\/\/www.brandnooz.de\/blog\/produkttest\/#breadcrumb\",\"itemListElement\":[{\"@type\":\"ListItem\",\"position\":1,\"name\":\"Home\",\"item\":\"https:\/\/www.brandnooz.de\/blog\/\"},{\"@type\":\"ListItem\",\"position\":2,\"name\":\"Werde Produkttester und erhalte Kostenlos Produkte\"}]},{\"@type\":\"WebSite\",\"@id\":\"https:\/\/www.brandnooz.de\/blog\/#website\",\"url\":\"https:\/\/www.brandnooz.de\/blog\/\",\"name\":\"\",\"description\":\"Probier was Neues\",\"potentialAction\":[{\"@type\":\"SearchAction\",\"target\":{\"@type\":\"EntryPoint\",\"urlTemplate\":\"https:\/\/www.brandnooz.de\/blog\/?s={search_term_string}\"},\"query-input\":{\"@type\":\"PropertyValueSpecification\",\"valueRequired\":true,\"valueName\":\"search_term_string\"}}],\"inLanguage\":\"de\"}]}<\/script>\n<!-- \/ Yoast SEO plugin. -->","yoast_head_json":{"title":"Kostenlos Produktester werden auf brandnooz","description":"Melde dich Kostenlos bei brandnooz an, nimm an unseren Kostenlosen Produkttest teil und erhalte gratis Produktproben von Top-Lebensmittel Herstellern.","robots":{"index":"index","follow":"follow","max-snippet":"max-snippet:-1","max-image-preview":"max-image-preview:large","max-video-preview":"max-video-preview:-1"},"canonical":"https:\/\/www.brandnooz.de\/blog\/produkttest\/","og_locale":"de_DE","og_type":"article","og_title":"Kostenlos Produktester werden auf brandnooz","og_description":"Melde dich Kostenlos bei brandnooz an, nimm an unseren Kostenlosen Produkttest teil und erhalte gratis Produktproben von Top-Lebensmittel Herstellern.","og_url":"https:\/\/www.brandnooz.de\/blog\/produkttest\/","article_publisher":"https:\/\/www.facebook.com\/brandnooz\/","article_modified_time":"2016-06-27T09:52:13+00:00","twitter_misc":{"Gesch\u00e4tzte Lesezeit":"1\u00a0Minute"},"schema":{"@context":"https:\/\/schema.org","@graph":[{"@type":"WebPage","@id":"https:\/\/www.brandnooz.de\/blog\/produkttest\/","url":"https:\/\/www.brandnooz.de\/blog\/produkttest\/","name":"Kostenlos Produktester werden auf brandnooz","isPartOf":{"@id":"https:\/\/www.brandnooz.de\/blog\/#website"},"datePublished":"2011-06-22T14:45:11+00:00","dateModified":"2016-06-27T09:52:13+00:00","description":"Melde dich Kostenlos bei brandnooz an, nimm an unseren Kostenlosen Produkttest teil und erhalte gratis Produktproben von Top-Lebensmittel Herstellern.","breadcrumb":{"@id":"https:\/\/www.brandnooz.de\/blog\/produkttest\/#breadcrumb"},"inLanguage":"de","potentialAction":[{"@type":"ReadAction","target":["https:\/\/www.brandnooz.de\/blog\/produkttest\/"]}]},{"@type":"BreadcrumbList","@id":"https:\/\/www.brandnooz.de\/blog\/produkttest\/#breadcrumb","itemListElement":[{"@type":"ListItem","position":1,"name":"Home","item":"https:\/\/www.brandnooz.de\/blog\/"},{"@type":"ListItem","position":2,"name":"Werde Produkttester und erhalte Kostenlos Produkte"}]},{"@type":"WebSite","@id":"https:\/\/www.brandnooz.de\/blog\/#website","url":"https:\/\/www.brandnooz.de\/blog\/","name":"","description":"Probier was Neues","potentialAction":[{"@type":"SearchAction","target":{"@type":"EntryPoint","urlTemplate":"https:\/\/www.brandnooz.de\/blog\/?s={search_term_string}"},"query-input":{"@type":"PropertyValueSpecification","valueRequired":true,"valueName":"search_term_string"}}],"inLanguage":"de"}]}},"_links":{"self":[{"href":"https:\/\/www.brandnooz.de\/blog\/wp-json\/wp\/v2\/pages\/1252"}],"collection":[{"href":"https:\/\/www.brandnooz.de\/blog\/wp-json\/wp\/v2\/pages"}],"about":[{"href":"https:\/\/www.brandnooz.de\/blog\/wp-json\/wp\/v2\/types\/page"}],"author":[{"embeddable":true,"href":"https:\/\/www.brandnooz.de\/blog\/wp-json\/wp\/v2\/users\/49"}],"replies":[{"embeddable":true,"href":"https:\/\/www.brandnooz.de\/blog\/wp-json\/wp\/v2\/comments?post=1252"}],"version-history":[{"count":10,"href":"https:\/\/www.brandnooz.de\/blog\/wp-json\/wp\/v2\/pages\/1252\/revisions"}],"predecessor-version":[{"id":17586,"href":"https:\/\/www.brandnooz.de\/blog\/wp-json\/wp\/v2\/pages\/1252\/revisions\/17586"}],"wp:attachment":[{"href":"https:\/\/www.brandnooz.de\/blog\/wp-json\/wp\/v2\/media?parent=1252"}],"curies":[{"name":"wp","href":"https:\/\/api.w.org\/{rel}","templated":true}]}}